{"id":11,"date":"2026-03-01T19:07:03","date_gmt":"2026-03-01T19:07:03","guid":{"rendered":"https:\/\/jaroher.pl\/?page_id=11"},"modified":"2026-03-03T00:53:41","modified_gmt":"2026-03-02T23:53:41","slug":"profesionalna-naprawa-agd-i-ekspresow-do-kawy","status":"publish","type":"page","link":"https:\/\/jaroher.pl\/","title":{"rendered":""},"content":{"rendered":"\n<div class=\"wp-block-cover alignfull\" style=\"min-height:538px;aspect-ratio:unset;\"><img loading=\"lazy\" decoding=\"async\" width=\"1024\" height=\"627\" class=\"wp-block-cover__image-background wp-image-28 size-large\" alt=\"\" src=\"https:\/\/jaroher.pl\/wp-content\/uploads\/2026\/03\/leewoochul-coffee-2801325_1920-1024x627.jpg\" data-object-fit=\"cover\" srcset=\"https:\/\/jaroher.pl\/wp-content\/uploads\/2026\/03\/leewoochul-coffee-2801325_1920-1024x627.jpg 1024w, https:\/\/jaroher.pl\/wp-content\/uploads\/2026\/03\/leewoochul-coffee-2801325_1920-300x184.jpg 300w, https:\/\/jaroher.pl\/wp-content\/uploads\/2026\/03\/leewoochul-coffee-2801325_1920-768x470.jpg 768w, https:\/\/jaroher.pl\/wp-content\/uploads\/2026\/03\/leewoochul-coffee-2801325_1920-1536x940.jpg 1536w, https:\/\/jaroher.pl\/wp-content\/uploads\/2026\/03\/leewoochul-coffee-2801325_1920.jpg 1920w\" sizes=\"auto, (max-width: 1024px) 100vw, 1024px\" \/><span aria-hidden=\"true\" class=\"wp-block-cover__background has-background-dim-70 has-background-dim\" style=\"background-color:#423b3b\"><\/span><div class=\"wp-block-cover__inner-container has-global-padding is-layout-constrained wp-block-cover-is-layout-constrained\">\n<h1 data-wp-context---core-fit-text=\"core\/fit-text::{&quot;fontSize&quot;:&quot;&quot;}\" data-wp-init---core-fit-text=\"core\/fit-text::callbacks.init\" data-wp-interactive data-wp-style--font-size=\"core\/fit-text::context.fontSize\" class=\"wp-block-heading alignfull has-text-align-center is-style-text-display has-fit-text has-accent-5-color has-text-color has-link-color has-large-font-size wp-elements-0be3dedc39ea9797904a58407ea9c67b is-style-text-display--1\" style=\"padding-top:0;padding-right:0;padding-bottom:0;padding-left:0\"><strong>PROFESIONALNA NAPRAWA EKSPRES\u00d3W DO KAWY I AGD<\/strong><\/h1>\n\n\n\n<h1 data-wp-context---core-fit-text=\"core\/fit-text::{&quot;fontSize&quot;:&quot;&quot;}\" data-wp-init---core-fit-text=\"core\/fit-text::callbacks.init\" data-wp-interactive data-wp-style--font-size=\"core\/fit-text::context.fontSize\" class=\"wp-block-heading has-text-align-center has-fit-text has-large-font-size\"><\/h1>\n<\/div><\/div>\n\n\n\n<div class=\"wp-block-group is-style-default has-global-padding is-layout-constrained wp-block-group-is-layout-constrained\">\n<div style=\"background-image:url(&apos;https:\/\/jaroher.pl\/wp-content\/uploads\/2026\/03\/markus_kf-coffee-5355428_1920.jpg&apos;);background-size:cover;\" class=\"wp-block-group is-style-section-1 has-accent-5-background-color has-background has-small-font-size has-global-padding is-layout-constrained wp-block-group-is-layout-constrained is-style-section-1--2\">\n<figure class=\"wp-block-image size-large is-style-default\" style=\"margin-top:0;margin-bottom:0\"><img loading=\"lazy\" decoding=\"async\" width=\"1024\" height=\"683\" src=\"https:\/\/jaroher.pl\/wp-content\/uploads\/2026\/03\/1000113077-1024x683.png\" alt=\"\" class=\"wp-image-12\" srcset=\"https:\/\/jaroher.pl\/wp-content\/uploads\/2026\/03\/1000113077-1024x683.png 1024w, https:\/\/jaroher.pl\/wp-content\/uploads\/2026\/03\/1000113077-300x200.png 300w, https:\/\/jaroher.pl\/wp-content\/uploads\/2026\/03\/1000113077-768x512.png 768w, https:\/\/jaroher.pl\/wp-content\/uploads\/2026\/03\/1000113077.png 1536w\" sizes=\"auto, (max-width: 1024px) 100vw, 1024px\" \/><\/figure>\n<\/div>\n<\/div>\n\n\n\n<div class=\"wp-block-group alignfull has-global-padding is-layout-constrained wp-block-group-is-layout-constrained\">\n<div class=\"wp-block-cover alignfull has-large-font-size\" style=\"border-style:none;border-width:0px;margin-top:0;margin-bottom:0;padding-top:var(--wp--preset--spacing--40);padding-right:0;padding-bottom:var(--wp--preset--spacing--40);padding-left:0\"><img loading=\"lazy\" decoding=\"async\" width=\"1024\" height=\"683\" class=\"wp-block-cover__image-background wp-image-29 size-large\" alt=\"\" src=\"https:\/\/jaroher.pl\/wp-content\/uploads\/2026\/03\/2857440-ai-generated-7795820_1920-1-1024x683.jpg\" data-object-fit=\"cover\" srcset=\"https:\/\/jaroher.pl\/wp-content\/uploads\/2026\/03\/2857440-ai-generated-7795820_1920-1-1024x683.jpg 1024w, https:\/\/jaroher.pl\/wp-content\/uploads\/2026\/03\/2857440-ai-generated-7795820_1920-1-300x200.jpg 300w, https:\/\/jaroher.pl\/wp-content\/uploads\/2026\/03\/2857440-ai-generated-7795820_1920-1-768x512.jpg 768w, https:\/\/jaroher.pl\/wp-content\/uploads\/2026\/03\/2857440-ai-generated-7795820_1920-1-1536x1024.jpg 1536w, https:\/\/jaroher.pl\/wp-content\/uploads\/2026\/03\/2857440-ai-generated-7795820_1920-1.jpg 1920w\" sizes=\"auto, (max-width: 1024px) 100vw, 1024px\" \/><span aria-hidden=\"true\" class=\"wp-block-cover__background has-accent-4-background-color has-background-dim-70 has-background-dim\"><\/span><div class=\"wp-block-cover__inner-container has-global-padding is-layout-constrained wp-container-core-cover-is-layout-a286be89 wp-block-cover-is-layout-constrained\">\n<p class=\"has-text-align-center is-style-text-annotation has-base-color has-text-color has-link-color has-x-large-font-size wp-elements-0763a366fdb771fa3f67bb18d31f4897 is-style-text-annotation--3\"><strong>Naprawa <\/strong>-Serwis<strong> ekspres\u00f3w do kawy <\/strong><\/p>\n\n\n\n<p class=\"has-text-align-center is-style-text-annotation has-base-color has-text-color has-link-color has-x-large-font-size wp-elements-5f68e5a920eddb09f880325620d1944b is-style-text-annotation--4\">oraz ma\u0142ego AGD<\/p>\n\n\n\n<ul class=\"wp-block-list\">\n<li class=\"has-x-large-font-size\">Szybka diagnostyka, uczciwe ceny, mo\u017cliwy dojazd do klienta<\/li>\n<\/ul>\n\n\n\n<ul class=\"wp-block-list\">\n<li class=\"has-x-large-font-size\">Sprzeda\u017c cz\u0119\u015bci, chemii do obs\u0142ugi, filtr\u00f3w <\/li>\n<\/ul>\n\n\n\n<ul class=\"wp-block-list\">\n<li class=\"has-x-large-font-size\">Doradztwo w doborze ekspresu<\/li>\n<\/ul>\n\n\n\n<p class=\"is-style-default has-contrast-color has-text-color has-link-color wp-elements-c3c98c4f8f1527863b3f84a7bc8fac85\"><\/p>\n\n\n\n<h2 class=\"wp-block-heading has-base-color has-text-color has-link-color has-x-large-font-size wp-elements-19a6c7f809790b175136ffb986e14383\">     <strong>Skontaktuj si\u0119:<\/strong><\/h2>\n\n\n\n<p class=\"has-base-color has-text-color has-link-color has-x-large-font-size wp-elements-3be18390f2d00ef65965cfa7219a4a4b\"><strong>\ud83d\udcde+48 <a href=\"tel:+48508435291\" data-type=\"page\" data-id=\"14\">508 435 291<\/a><\/strong><\/p>\n\n\n\n<p class=\"has-x-large-font-size\">\ud83d\udce7<a href=\"mailto:serwis@jaroher.pl\"><strong>serwis@jaroher.pl<\/strong><\/a><\/p>\n\n\n\n<ul class=\"wp-block-social-links is-layout-flex wp-block-social-links-is-layout-flex\"><li class=\"wp-social-link wp-social-link-facebook  wp-block-social-link\"><a href=\"https:\/\/www.facebook.com\/profile.php?id=61588468354113\" class=\"wp-block-social-link-anchor\"><svg width=\"24\" height=\"24\" viewBox=\"0 0 24 24\" version=\"1.1\" xmlns=\"http:\/\/www.w3.org\/2000\/svg\" aria-hidden=\"true\" focusable=\"false\"><path d=\"M12 2C6.5 2 2 6.5 2 12c0 5 3.7 9.1 8.4 9.9v-7H7.9V12h2.5V9.8c0-2.5 1.5-3.9 3.8-3.9 1.1 0 2.2.2 2.2.2v2.5h-1.3c-1.2 0-1.6.8-1.6 1.6V12h2.8l-.4 2.9h-2.3v7C18.3 21.1 22 17 22 12c0-5.5-4.5-10-10-10z\"><\/path><\/svg><span class=\"wp-block-social-link-label screen-reader-text\">Facebook<\/span><\/a><\/li><\/ul>\n\n\n\n<p class=\"has-text-align-center has-large-font-size\"><\/p>\n<\/div><\/div>\n<\/div>\n\n\n\n<div class=\"wp-block-group has-global-padding is-layout-constrained wp-block-group-is-layout-constrained\">\n<div class=\"wp-block-cover\"><img loading=\"lazy\" decoding=\"async\" width=\"1024\" height=\"681\" class=\"wp-block-cover__image-background wp-image-30 size-large\" alt=\"\" src=\"https:\/\/jaroher.pl\/wp-content\/uploads\/2026\/03\/markus_kf-coffee-5355428_1920-1024x681.jpg\" data-object-fit=\"cover\" srcset=\"https:\/\/jaroher.pl\/wp-content\/uploads\/2026\/03\/markus_kf-coffee-5355428_1920-1024x681.jpg 1024w, https:\/\/jaroher.pl\/wp-content\/uploads\/2026\/03\/markus_kf-coffee-5355428_1920-300x200.jpg 300w, https:\/\/jaroher.pl\/wp-content\/uploads\/2026\/03\/markus_kf-coffee-5355428_1920-768x511.jpg 768w, https:\/\/jaroher.pl\/wp-content\/uploads\/2026\/03\/markus_kf-coffee-5355428_1920-1536x1022.jpg 1536w, https:\/\/jaroher.pl\/wp-content\/uploads\/2026\/03\/markus_kf-coffee-5355428_1920.jpg 1920w\" sizes=\"auto, (max-width: 1024px) 100vw, 1024px\" \/><span aria-hidden=\"true\" class=\"wp-block-cover__background has-background-dim\" style=\"background-color:#865847\"><\/span><div class=\"wp-block-cover__inner-container has-global-padding is-layout-constrained wp-block-cover-is-layout-constrained\">\n<p class=\"has-text-align-center has-large-font-size\"><\/p>\n\n\n\n<div class=\"wp-block-group has-global-padding is-layout-constrained wp-container-core-group-is-layout-350817e6 wp-block-group-is-layout-constrained\" style=\"padding-top:80px;padding-right:80px;padding-bottom:80px;padding-left:80px\">\n<div class=\"wp-block-group has-global-padding is-layout-constrained wp-block-group-is-layout-constrained\">\n<div class=\"wp-block-group has-global-padding is-layout-constrained wp-container-core-group-is-layout-c89a8f08 wp-block-group-is-layout-constrained\" style=\"margin-top:60px;margin-bottom:60px;padding-top:60px;padding-right:60px;padding-bottom:60px;padding-left:60px\">\n<h2 class=\"wp-block-heading has-text-align-center has-xx-large-font-size\"><strong>PRZYJED\u0179 DO NAS!!!<\/strong><\/h2>\n\n\n\n<p>             <strong>55-050 Przezdrowice <\/strong><\/p>\n\n\n\n<p>         <strong>               Gmina Sob\u00f3tka    <\/strong><\/p>\n\n\n\n<p>       <strong>Trasa Sob\u00f3tka-Jordan\u00f3w \u015al\u0105ski<\/strong><\/p>\n<\/div>\n<\/div>\n\n\n\n<iframe src=\"https:\/\/www.google.com\/maps\/embed?pb=!1m18!1m12!1m3!1d2517.1634801677924!2d16.772597377130698!3d50.883684571678195!2m3!1f0!2f0!3f0!3m2!1i1024!2i768!4f13.1!3m3!1m2!1s0x470fcb574334753b%3A0xf36fc9978d2d5f72!2sSerwis%20ekspres%C3%B3w%20i%20ma%C5%82ego%20AGD-JaroHer!5e0!3m2!1spl!2spl!4v1772388789080!5m2!1spl!2spl\" width=\"600\" height=\"450\" style=\"border:0;\" allowfullscreen=\"\" loading=\"lazy\" referrerpolicy=\"no-referrer-when-downgrade\"><\/iframe>\n<\/div>\n\n\n\n<p class=\"has-text-align-center has-large-font-size\"><\/p>\n<\/div><\/div>\n<\/div>\n\n\n\n<p class=\"has-text-align-center has-x-large-font-size\"><strong>WY\u015aLIJ ZG\u0141OSZENIE SERWISOWE<\/strong><\/p>\n\n\n<style id=\"wpforms-css-vars-18-block-1e962166-77bd-4eef-a4c9-2996d8547d43\">\n\t\t\t\t#wpforms-18.wpforms-block-1e962166-77bd-4eef-a4c9-2996d8547d43 {\n\t\t\t\t--wpforms-field-size-input-height: 43px;\n--wpforms-field-size-input-spacing: 15px;\n--wpforms-field-size-font-size: 16px;\n--wpforms-field-size-line-height: 19px;\n--wpforms-field-size-padding-h: 14px;\n--wpforms-field-size-checkbox-size: 16px;\n--wpforms-field-size-sublabel-spacing: 5px;\n--wpforms-field-size-icon-size: 1;\n--wpforms-label-size-font-size: 16px;\n--wpforms-label-size-line-height: 19px;\n--wpforms-label-size-sublabel-font-size: 14px;\n--wpforms-label-size-sublabel-line-height: 17px;\n--wpforms-button-size-font-size: 17px;\n--wpforms-button-size-height: 41px;\n--wpforms-button-size-padding-h: 15px;\n--wpforms-button-size-margin-top: 10px;\n\t\t\t}\n\t\t\t<\/style><div class=\"wpforms-container wpforms-container-full wpforms-block wpforms-block-1e962166-77bd-4eef-a4c9-2996d8547d43 wpforms-render-modern\" id=\"wpforms-18\"><form id=\"wpforms-form-18\" class=\"wpforms-validate wpforms-form wpforms-ajax-form\" data-formid=\"18\" method=\"post\" enctype=\"multipart\/form-data\" action=\"\/index.php\/wp-json\/wp\/v2\/pages\/11\" data-token=\"46a8331528a8c944fdc3586f59540ce8\" data-token-time=\"1776530828\"><noscript class=\"wpforms-error-noscript\">Aby wype\u0142ni\u0107 ten formularz, w\u0142\u0105cz obs\u0142ug\u0119 JavaScript w przegl\u0105darce.<\/noscript><div id=\"wpforms-error-noscript\" style=\"display: none;\">Aby wype\u0142ni\u0107 ten formularz, w\u0142\u0105cz obs\u0142ug\u0119 JavaScript w przegl\u0105darce.<\/div><div class=\"wpforms-field-container\"><div id=\"wpforms-18-field_8-container\" class=\"wpforms-field wpforms-field-text\" data-field-id=\"8\"><label class=\"wpforms-field-label\" for=\"wpforms-18-field_8\">NAZWISKO LUB NAZWA <span class=\"wpforms-required-label\" aria-hidden=\"true\">*<\/span><\/label><input type=\"text\" id=\"wpforms-18-field_8\" class=\"wpforms-field-medium wpforms-field-required\" name=\"wpforms[fields][8]\" aria-errormessage=\"wpforms-18-field_8-error\" required><\/div>\t\t<div id=\"wpforms-18-field_1-container\"\n\t\t\tclass=\"wpforms-field wpforms-field-text\"\n\t\t\tdata-field-type=\"text\"\n\t\t\tdata-field-id=\"1\"\n\t\t\t>\n\t\t\t<label class=\"wpforms-field-label\" for=\"wpforms-18-field_1\" >e-mail POCZTOWY NUMER<\/label>\n\t\t\t<input type=\"text\" id=\"wpforms-18-field_1\" class=\"wpforms-field-medium\" name=\"wpforms[fields][1]\" >\n\t\t<\/div>\n\t\t<div id=\"wpforms-18-field_7-container\" class=\"wpforms-field wpforms-field-text\" data-field-id=\"7\"><label class=\"wpforms-field-label\" for=\"wpforms-18-field_7\">TW\u00d3J NUMER KONTAKTOWY <span class=\"wpforms-required-label\" aria-hidden=\"true\">*<\/span><\/label><input type=\"text\" id=\"wpforms-18-field_7\" class=\"wpforms-field-medium wpforms-field-required\" name=\"wpforms[fields][7]\" aria-errormessage=\"wpforms-18-field_7-error\" required><\/div><div id=\"wpforms-18-field_2-container\" class=\"wpforms-field wpforms-field-email\" data-field-id=\"2\"><label class=\"wpforms-field-label\" for=\"wpforms-18-field_2\">Adres e-mail <span class=\"wpforms-required-label\" aria-hidden=\"true\">*<\/span><\/label><input type=\"email\" id=\"wpforms-18-field_2\" class=\"wpforms-field-medium wpforms-field-required\" name=\"wpforms[fields][2]\" spellcheck=\"false\" aria-errormessage=\"wpforms-18-field_2-error\" required><\/div><div id=\"wpforms-18-field_9-container\" class=\"wpforms-field wpforms-field-text\" data-field-id=\"9\"><label class=\"wpforms-field-label\" for=\"wpforms-18-field_9\">KOD POCZTOWY I MIEJSCOWO\u015a\u0106 <span class=\"wpforms-required-label\" aria-hidden=\"true\">*<\/span><\/label><input type=\"text\" id=\"wpforms-18-field_9\" class=\"wpforms-field-medium wpforms-field-required\" name=\"wpforms[fields][9]\" aria-errormessage=\"wpforms-18-field_9-error\" required><\/div><div id=\"wpforms-18-field_3-container\" class=\"wpforms-field wpforms-field-textarea\" data-field-id=\"3\"><label class=\"wpforms-field-label\" for=\"wpforms-18-field_3\">OPIS ZG\u0141OSZENIA(MODEL URZ\u0104DZENIA) <span class=\"wpforms-required-label\" aria-hidden=\"true\">*<\/span><\/label><textarea id=\"wpforms-18-field_3\" class=\"wpforms-field-medium wpforms-field-required\" name=\"wpforms[fields][3]\" aria-errormessage=\"wpforms-18-field_3-error\" required><\/textarea><\/div><div id=\"wpforms-18-field_10-container\" class=\"wpforms-field wpforms-field-checkbox\" data-field-id=\"10\"><fieldset><legend class=\"wpforms-field-label\">Zgoda ma przetwarzanie danych <span class=\"wpforms-required-label\" aria-hidden=\"true\">*<\/span><\/legend><ul id=\"wpforms-18-field_10\" class=\"wpforms-field-required\"><li class=\"choice-1 depth-1\"><input type=\"checkbox\" id=\"wpforms-18-field_10_1\" name=\"wpforms[fields][10][]\" value=\"Wyra\u017cam zgod\u0119 na przetwarzanie moich danych osobowych w celu realizacji zg\u0142oszenia naprawy\" aria-errormessage=\"wpforms-18-field_10_1-error\" required ><label class=\"wpforms-field-label-inline\" for=\"wpforms-18-field_10_1\">Wyra\u017cam zgod\u0119 na przetwarzanie moich danych osobowych w celu realizacji zg\u0142oszenia naprawy<\/label><\/li><\/ul><\/fieldset><\/div><script>\n\t\t\t\t( function() {\n\t\t\t\t\tconst style = document.createElement( 'style' );\n\t\t\t\t\tstyle.appendChild( document.createTextNode( '#wpforms-18-field_1-container { position: absolute !important; overflow: hidden !important; display: inline !important; height: 1px !important; width: 1px !important; z-index: -1000 !important; padding: 0 !important; } #wpforms-18-field_1-container input { visibility: hidden; } #wpforms-conversational-form-page #wpforms-18-field_1-container label { counter-increment: none; }' ) );\n\t\t\t\t\tdocument.head.appendChild( style );\n\t\t\t\t\tdocument.currentScript?.remove();\n\t\t\t\t} )();\n\t\t\t<\/script><\/div><!-- .wpforms-field-container --><div class=\"wpforms-submit-container\" ><input type=\"hidden\" name=\"wpforms[id]\" value=\"18\"><input type=\"hidden\" name=\"page_title\" value=\"\"><input type=\"hidden\" name=\"page_url\" value=\"https:\/\/jaroher.pl\/index.php\/wp-json\/wp\/v2\/pages\/11\"><input type=\"hidden\" name=\"url_referer\" value=\"\"><button type=\"submit\" name=\"wpforms[submit]\" id=\"wpforms-submit-18\" class=\"wpforms-submit\" data-alt-text=\"Wysy\u0142anie...\" data-submit-text=\"Prze\u015blij\" aria-live=\"assertive\" value=\"wpforms-submit\">Prze\u015blij<\/button><img loading=\"lazy\" decoding=\"async\" src=\"https:\/\/jaroher.pl\/wp-content\/plugins\/wpforms-lite\/assets\/images\/submit-spin.svg\" class=\"wpforms-submit-spinner\" style=\"display: none;\" width=\"26\" height=\"26\" alt=\"Wczytywanie\"><\/div><\/form><\/div>  <!-- .wpforms-container -->\n\n\n<h2 class=\"wp-block-heading\">STRONA W BUDOWIE.PRZEPRASZAMY ZA NIEDOGODNO\u015aCI<\/h2>\n\n\n\n<p><\/p>\n","protected":false},"excerpt":{"rendered":"<p>WY\u015aLIJ ZG\u0141OSZENIE SERWISOWE STRONA W BUDOWIE.PRZEPRASZAMY ZA NIEDOGODNO\u015aCI<\/p>\n","protected":false},"author":1,"featured_media":0,"parent":0,"menu_order":0,"comment_status":"closed","ping_status":"closed","template":"","meta":{"footnotes":""},"class_list":["post-11","page","type-page","status-publish","hentry"],"_links":{"self":[{"href":"https:\/\/jaroher.pl\/index.php\/wp-json\/wp\/v2\/pages\/11","targetHints":{"allow":["GET"]}}],"collection":[{"href":"https:\/\/jaroher.pl\/index.php\/wp-json\/wp\/v2\/pages"}],"about":[{"href":"https:\/\/jaroher.pl\/index.php\/wp-json\/wp\/v2\/types\/page"}],"author":[{"embeddable":true,"href":"https:\/\/jaroher.pl\/index.php\/wp-json\/wp\/v2\/users\/1"}],"replies":[{"embeddable":true,"href":"https:\/\/jaroher.pl\/index.php\/wp-json\/wp\/v2\/comments?post=11"}],"version-history":[{"count":13,"href":"https:\/\/jaroher.pl\/index.php\/wp-json\/wp\/v2\/pages\/11\/revisions"}],"predecessor-version":[{"id":27,"href":"https:\/\/jaroher.pl\/index.php\/wp-json\/wp\/v2\/pages\/11\/revisions\/27"}],"wp:attachment":[{"href":"https:\/\/jaroher.pl\/index.php\/wp-json\/wp\/v2\/media?parent=11"}],"curies":[{"name":"wp","href":"https:\/\/api.w.org\/{rel}","templated":true}]}}